{"id":5270,"date":"2022-12-04T13:01:37","date_gmt":"2022-12-04T12:01:37","guid":{"rendered":"https:\/\/restaurant-neptun.de\/?page_id=5270"},"modified":"2022-12-04T13:10:30","modified_gmt":"2022-12-04T12:10:30","slug":"reservations","status":"publish","type":"page","link":"https:\/\/restaurant-neptun.de\/de\/reservations\/","title":{"rendered":"Reservierungen"},"content":{"rendered":"<div data-elementor-type=\"wp-post\" data-elementor-id=\"5270\" class=\"elementor elementor-5270\">\n\t\t\t\t\t\t<section class=\"elementor-section elementor-top-section elementor-element elementor-element-19113c9a elementor-section-content-bottom elementor-section-boxed elementor-section-height-default elementor-section-height-default\" data-id=\"19113c9a\" data-element_type=\"section\" data-e-type=\"section\" data-settings=\"{&quot;background_background&quot;:&quot;classic&quot;}\">\n\t\t\t\t\t\t\t<div class=\"elementor-background-overlay\"><\/div>\n\t\t\t\t\t\t\t<div class=\"elementor-container elementor-column-gap-no\">\n\t\t\t\t\t<div class=\"elementor-column elementor-col-100 elementor-top-column elementor-element elementor-element-4cc09024\" data-id=\"4cc09024\" data-element_type=\"column\" data-e-type=\"column\">\n\t\t\t<div class=\"elementor-widget-wrap elementor-element-populated\">\n\t\t\t\t\t\t<div class=\"elementor-element elementor-element-55f2f2ac elementor-widget elementor-widget-heading\" data-id=\"55f2f2ac\" data-element_type=\"widget\" data-e-type=\"widget\" data-widget_type=\"heading.default\">\n\t\t\t\t<div class=\"elementor-widget-container\">\n\t\t\t\t\t<h1 class=\"elementor-heading-title elementor-size-default\">Reservations &amp; Bookings<\/h1>\t\t\t\t<\/div>\n\t\t\t\t<\/div>\n\t\t\t\t<div class=\"elementor-element elementor-element-23448f4e elementor-widget-divider--view-line elementor-widget elementor-widget-divider\" data-id=\"23448f4e\" data-element_type=\"widget\" data-e-type=\"widget\" data-widget_type=\"divider.default\">\n\t\t\t\t<div class=\"elementor-widget-container\">\n\t\t\t\t\t\t\t<div class=\"elementor-divider\">\n\t\t\t<span class=\"elementor-divider-separator\">\n\t\t\t\t\t\t<\/span>\n\t\t<\/div>\n\t\t\t\t\t\t<\/div>\n\t\t\t\t<\/div>\n\t\t\t\t\t<\/div>\n\t\t<\/div>\n\t\t\t\t\t<\/div>\n\t\t<\/section>\n\t\t\t\t<section class=\"elementor-section elementor-top-section elementor-element elementor-element-61935ea2 elementor-section-content-top elementor-section-boxed elementor-section-height-default elementor-section-height-default\" data-id=\"61935ea2\" data-element_type=\"section\" data-e-type=\"section\" data-settings=\"{&quot;background_background&quot;:&quot;classic&quot;}\">\n\t\t\t\t\t\t\t<div class=\"elementor-background-overlay\"><\/div>\n\t\t\t\t\t\t\t<div class=\"elementor-container elementor-column-gap-no\">\n\t\t\t\t\t<div class=\"elementor-column elementor-col-100 elementor-top-column elementor-element elementor-element-692ac618\" data-id=\"692ac618\" data-element_type=\"column\" data-e-type=\"column\">\n\t\t\t<div class=\"elementor-widget-wrap elementor-element-populated\">\n\t\t\t\t\t\t<div class=\"elementor-element elementor-element-e012fae elementor-widget-divider--view-line elementor-widget elementor-widget-divider\" data-id=\"e012fae\" data-element_type=\"widget\" data-e-type=\"widget\" data-widget_type=\"divider.default\">\n\t\t\t\t<div class=\"elementor-widget-container\">\n\t\t\t\t\t\t\t<div class=\"elementor-divider\">\n\t\t\t<span class=\"elementor-divider-separator\">\n\t\t\t\t\t\t<\/span>\n\t\t<\/div>\n\t\t\t\t\t\t<\/div>\n\t\t\t\t<\/div>\n\t\t\t\t<div class=\"elementor-element elementor-element-668551fa elementor-widget-divider--view-line elementor-widget elementor-widget-divider\" data-id=\"668551fa\" data-element_type=\"widget\" data-e-type=\"widget\" data-widget_type=\"divider.default\">\n\t\t\t\t<div class=\"elementor-widget-container\">\n\t\t\t\t\t\t\t<div class=\"elementor-divider\">\n\t\t\t<span class=\"elementor-divider-separator\">\n\t\t\t\t\t\t<\/span>\n\t\t<\/div>\n\t\t\t\t\t\t<\/div>\n\t\t\t\t<\/div>\n\t\t\t\t<div class=\"elementor-element elementor-element-fca9492 elementor-widget elementor-widget-text-editor\" data-id=\"fca9492\" data-element_type=\"widget\" data-e-type=\"widget\" data-widget_type=\"text-editor.default\">\n\t\t\t\t<div class=\"elementor-widget-container\">\n\t\t\t\t\t\t\t\t\t<p>F\u00fcr eine Reservierung rufen Sie uns entweder an 089 936518 oder senden Sie uns hier gerne Ihre Online-Reservierung.<br \/><br \/>Sie k\u00f6nnen von 11:30 Uhr bis 22:30 Uhr zum Mittag- oder Abendessen reservieren, Montag bis Sonntag.<br \/><br \/>Bitte beachten Sie: Wir bitten unsere Kunden, die reserviert haben, sicherzustellen, dass sie p\u00fcnktlich im Restaurant ankommen. Andernfalls werden Tischreservierungen nach 30 Minuten storniert und der Tisch steht anderen Kunden zur Verf\u00fcgung.<\/p>\t\t\t\t\t\t\t\t<\/div>\n\t\t\t\t<\/div>\n\t\t\t\t<div class=\"elementor-element elementor-element-b2d0e28 elementor-widget elementor-widget-rtb_booking_form\" data-id=\"b2d0e28\" data-element_type=\"widget\" data-e-type=\"widget\" data-widget_type=\"rtb_booking_form.default\">\n\t\t\t\t<div class=\"elementor-widget-container\">\n\t\t\t\t\t\n\t<script type=\"text\/javascript\">\n        var ajaxurl = 'https:\/\/restaurant-neptun.de\/wp-admin\/admin-ajax.php';\n    <\/script>\n\n    <style>#rtb-time_root .picker__list .picker__list-item.picker__list-item--disabled { display: none; }<\/style>\n    \n<div class=\"rtb-booking-form\">\n\t\n\t\t\t<div class=\"rtb-modification-toggle\">\n\t\t\tView\/Cancel a Reservation\t\t<\/div>\n\t\t<div class=\"rtb-clear\"><\/div>\n\t\t<form class=\"rtb-modification-form rtb-hidden\" action=\"\">\n\t\t\t<div>\n\t\t\t\tUse the form below to find your reservation\t\t\t<\/div>\n\t\t\t<label for=\"rtb_modification_email\">\n\t\t\t\tE-Mail:\t\t\t\t<input type=\"email\" name=\"rtb_modification_email\">\n\t\t\t<\/label>\n\t\t\t\t\t\t\t<label for=\"rtb_modification_code\">\n\t\t\t\t\tModification Code:\t\t\t\t\t<input type=\"text\" name=\"rtb_modification_code\">\n\t\t\t\t<\/label>\n\t\t\t\t\t\t<div class=\"rtb-find-reservation-button-div\">\n\t\t\t\t<div class=\"rtb-find-reservation-button\">\n\t\t\t\t\tReservierungen finden\t\t\t\t<\/div>\n\t\t\t<\/div>\n\t\t\t<div class=\"rtb-bookings-results\"><\/div>\n\t\t<input type=\"hidden\" name=\"trp-form-language\" value=\"de\"\/><\/form>\n\t\n\t\n\t\n\t<form method=\"POST\" action=\"https:\/\/restaurant-neptun.de\/de\/reservations\/\" class=\"rtb-booking-form-form\" data-trp-original-action=\"https:\/\/restaurant-neptun.de\/de\/reservations\/\">\n\t\t<input type=\"hidden\" name=\"action\" value=\"booking_request\">\n\n\t\t\n\t\t\n\t\t\n\t\t\t\t<fieldset class=\"reservation\">\n\n\t\t\t\t\t\t<legend >\n\t\t\t\tReservierungsdaten\t\t\t<\/legend>\n\t\t\t\n\t\t\t\n\t<div class=\"rtb-text date\">\n\t\t\t\t<label for=\"rtb-date\">\n\t\t\tDatum\t\t<\/label>\n\t\t<input type=\"text\" name=\"rtb-date\" id=\"rtb-date\" value=\"\" required aria-required=\"true\">\n\t<\/div>\n\n\t\n\t<div class=\"rtb-text time\">\n\t\t\t\t<label for=\"rtb-time\">\n\t\t\tUhrzeit\t\t<\/label>\n\t\t<input type=\"text\" name=\"rtb-time\" id=\"rtb-time\" value=\"\" required aria-required=\"true\">\n\t<\/div>\n\n\t\n\t<div class=\"rtb-select party\">\n\t\t\t\t<label for=\"rtb-party\">\n\t\t\tPersonen\t\t<\/label>\n\t\t<select name=\"rtb-party\" id=\"rtb-party\" required aria-required=\"true\"  data-selected=\"\">\n\t\t\t\t\t\t\t\t\t<option value=\"1\" >1<\/option>\n\t\t\t\t\t\t<option value=\"2\" >2<\/option>\n\t\t\t\t\t\t<option value=\"3\" >3<\/option>\n\t\t\t\t\t\t<option value=\"4\" >4<\/option>\n\t\t\t\t\t\t<option value=\"5\" >5<\/option>\n\t\t\t\t\t\t<option value=\"6\" >6<\/option>\n\t\t\t\t\t\t<option value=\"7\" >7<\/option>\n\t\t\t\t\t\t<option value=\"8\" >8<\/option>\n\t\t\t\t\t\t<option value=\"9\" >9<\/option>\n\t\t\t\t\t\t<option value=\"10\" >10<\/option>\n\t\t\t\t\t\t<option value=\"11\" >11<\/option>\n\t\t\t\t\t\t<option value=\"12\" >12<\/option>\n\t\t\t\t\t\t<option value=\"13\" >13<\/option>\n\t\t\t\t\t\t<option value=\"14\" >14<\/option>\n\t\t\t\t\t\t<option value=\"15\" >15<\/option>\n\t\t\t\t\t\t<option value=\"16\" >16<\/option>\n\t\t\t\t\t\t<option value=\"17\" >17<\/option>\n\t\t\t\t\t\t<option value=\"18\" >18<\/option>\n\t\t\t\t\t\t<option value=\"19\" >19<\/option>\n\t\t\t\t\t\t<option value=\"20\" >20<\/option>\n\t\t\t\t\t\t<option value=\"21\" >21<\/option>\n\t\t\t\t\t\t<option value=\"22\" >22<\/option>\n\t\t\t\t\t\t<option value=\"23\" >23<\/option>\n\t\t\t\t\t\t<option value=\"24\" >24<\/option>\n\t\t\t\t\t\t<option value=\"25\" >25<\/option>\n\t\t\t\t\t\t<option value=\"26\" >26<\/option>\n\t\t\t\t\t\t<option value=\"27\" >27<\/option>\n\t\t\t\t\t\t<option value=\"28\" >28<\/option>\n\t\t\t\t\t\t<option value=\"29\" >29<\/option>\n\t\t\t\t\t\t<option value=\"30\" >30<\/option>\n\t\t\t\t\t\t<option value=\"31\" >31<\/option>\n\t\t\t\t\t\t<option value=\"32\" >32<\/option>\n\t\t\t\t\t\t<option value=\"33\" >33<\/option>\n\t\t\t\t\t\t<option value=\"34\" >34<\/option>\n\t\t\t\t\t\t<option value=\"35\" >35<\/option>\n\t\t\t\t\t\t<option value=\"36\" >36<\/option>\n\t\t\t\t\t\t<option value=\"37\" >37<\/option>\n\t\t\t\t\t\t<option value=\"38\" >38<\/option>\n\t\t\t\t\t\t<option value=\"39\" >39<\/option>\n\t\t\t\t\t\t<option value=\"40\" >40<\/option>\n\t\t\t\t\t\t<option value=\"41\" >41<\/option>\n\t\t\t\t\t\t<option value=\"42\" >42<\/option>\n\t\t\t\t\t\t<option value=\"43\" >43<\/option>\n\t\t\t\t\t\t<option value=\"44\" >44<\/option>\n\t\t\t\t\t\t<option value=\"45\" >45<\/option>\n\t\t\t\t\t\t<option value=\"46\" >46<\/option>\n\t\t\t\t\t\t<option value=\"47\" >47<\/option>\n\t\t\t\t\t\t<option value=\"48\" >48<\/option>\n\t\t\t\t\t\t<option value=\"49\" >49<\/option>\n\t\t\t\t\t\t<option value=\"50\" >50<\/option>\n\t\t\t\t\t\t<option value=\"51\" >51<\/option>\n\t\t\t\t\t\t<option value=\"52\" >52<\/option>\n\t\t\t\t\t\t<option value=\"53\" >53<\/option>\n\t\t\t\t\t\t<option value=\"54\" >54<\/option>\n\t\t\t\t\t\t<option value=\"55\" >55<\/option>\n\t\t\t\t\t\t<option value=\"56\" >56<\/option>\n\t\t\t\t\t\t<option value=\"57\" >57<\/option>\n\t\t\t\t\t\t<option value=\"58\" >58<\/option>\n\t\t\t\t\t\t<option value=\"59\" >59<\/option>\n\t\t\t\t\t\t<option value=\"60\" >60<\/option>\n\t\t\t\t\t\t<option value=\"61\" >61<\/option>\n\t\t\t\t\t\t<option value=\"62\" >62<\/option>\n\t\t\t\t\t\t<option value=\"63\" >63<\/option>\n\t\t\t\t\t\t<option value=\"64\" >64<\/option>\n\t\t\t\t\t\t<option value=\"65\" >65<\/option>\n\t\t\t\t\t\t<option value=\"66\" >66<\/option>\n\t\t\t\t\t\t<option value=\"67\" >67<\/option>\n\t\t\t\t\t\t<option value=\"68\" >68<\/option>\n\t\t\t\t\t\t<option value=\"69\" >69<\/option>\n\t\t\t\t\t\t<option value=\"70\" >70<\/option>\n\t\t\t\t\t\t<option value=\"71\" >71<\/option>\n\t\t\t\t\t\t<option value=\"72\" >72<\/option>\n\t\t\t\t\t\t<option value=\"73\" >73<\/option>\n\t\t\t\t\t\t<option value=\"74\" >74<\/option>\n\t\t\t\t\t\t<option value=\"75\" >75<\/option>\n\t\t\t\t\t\t<option value=\"76\" >76<\/option>\n\t\t\t\t\t\t<option value=\"77\" >77<\/option>\n\t\t\t\t\t\t<option value=\"78\" >78<\/option>\n\t\t\t\t\t\t<option value=\"79\" >79<\/option>\n\t\t\t\t\t\t<option value=\"80\" >80<\/option>\n\t\t\t\t\t\t<option value=\"81\" >81<\/option>\n\t\t\t\t\t\t<option value=\"82\" >82<\/option>\n\t\t\t\t\t\t<option value=\"83\" >83<\/option>\n\t\t\t\t\t\t<option value=\"84\" >84<\/option>\n\t\t\t\t\t\t<option value=\"85\" >85<\/option>\n\t\t\t\t\t\t<option value=\"86\" >86<\/option>\n\t\t\t\t\t\t<option value=\"87\" >87<\/option>\n\t\t\t\t\t\t<option value=\"88\" >88<\/option>\n\t\t\t\t\t\t<option value=\"89\" >89<\/option>\n\t\t\t\t\t\t<option value=\"90\" >90<\/option>\n\t\t\t\t\t\t<option value=\"91\" >91<\/option>\n\t\t\t\t\t\t<option value=\"92\" >92<\/option>\n\t\t\t\t\t\t<option value=\"93\" >93<\/option>\n\t\t\t\t\t\t<option value=\"94\" >94<\/option>\n\t\t\t\t\t\t<option value=\"95\" >95<\/option>\n\t\t\t\t\t\t<option value=\"96\" >96<\/option>\n\t\t\t\t\t\t<option value=\"97\" >97<\/option>\n\t\t\t\t\t\t<option value=\"98\" >98<\/option>\n\t\t\t\t\t\t<option value=\"99\" >99<\/option>\n\t\t\t\t\t\t<option value=\"100\" >100<\/option>\n\t\t\t\t\t<\/select>\n\t<\/div>\n\n\t\t\t<\/fieldset>\n\t\t\t\t<fieldset class=\"rtb-contact\">\n\n\t\t\t\t\t\t<legend >\n\t\t\t\tKontaktdaten\t\t\t<\/legend>\n\t\t\t\n\t\t\t\n\t<div class=\"rtb-text name\">\n\t\t\t\t<label for=\"rtb-name\">\n\t\t\tNamen\t\t<\/label>\n\t\t<input type=\"text\" name=\"rtb-name\" id=\"rtb-name\" value=\"\" required aria-required=\"true\">\n\t<\/div>\n\n\t\n\t<div class=\"rtb-text email\">\n\t\t\t\t<label for=\"rtb-email\">\n\t\t\tE-Mail\t\t<\/label>\n\t\t<input type=\"email\" name=\"rtb-email\" id=\"rtb-email\" value=\"\" required aria-required=\"true\">\n\t<\/div>\n\n\t\n\t<div class=\"rtb-text phone\">\n\t\t\t\t<label for=\"rtb-phone\">\n\t\t\tTelefonnummer\t\t<\/label>\n\t\t<input type=\"tel\" name=\"rtb-phone\" id=\"rtb-phone\" value=\"\">\n\t<\/div>\n\n\t\n\t<div class=\"add-message\">\n\t\t<a href=\"#\">\n\t\t\tNachricht hinzuf\u00fcgen\t\t<\/a>\n\t<\/div>\n\n\t\n\t<div class=\"rtb-textarea message\">\n\t\t\t\t<label for=\"rtb-message\">\n\t\t\tMeldung\t\t<\/label>\n\t\t<textarea name=\"rtb-message\" id=\"rtb-message\"><\/textarea>\n\t<\/div>\n\n\t\t\t<\/fieldset>\n\t\t\t\t<fieldset class=\"consent\">\n\n\t\t\t\n\t\t\t\n\t<div class=\"rtb-confirm consent-statement\">\n\t\t\t\t<label for=\"rtb-consent-statement\">\n\t\t\t<input type=\"checkbox\" name=\"rtb-consent-statement\" id=\"rtb-consent-statement\" value=\"1\"  required aria-required=\"true\">\n\t\t\tUm unser Buchungssystem nutzen zu k\u00f6nnen, erkl\u00e4ren Sie sich damit einverstanden, dass wir Ihre Daten f\u00fcr die Buchung sammeln.\t\t<\/label>\n\t<\/div>\n\n\t\t\t<\/fieldset>\n\t\t\n\t\t\n\t\t<fieldset class=\"rtb-form-footer\">\n\t\t\t<div id='rtb_recaptcha'><\/div>\n\t\t\t\n\t\t\t<div class=\"rtb-form-submit\"><button type=\"submit\">Anfrage absenden<\/button><\/div>\t\t<\/fieldset>\n\n\n\t<input type=\"hidden\" name=\"trp-form-language\" value=\"de\"\/><\/form>\n\n\t\n\t\n\t<\/div>\n\n\t\t\t\t\t<\/div>\n\t\t\t\t<\/div>\n\t\t\t\t\t<\/div>\n\t\t<\/div>\n\t\t\t\t\t<\/div>\n\t\t<\/section>\n\t\t\t\t<section class=\"elementor-section elementor-top-section elementor-element elementor-element-79a072f elementor-section-full_width elementor-section-height-default elementor-section-height-default\" data-id=\"79a072f\" data-element_type=\"section\" data-e-type=\"section\">\n\t\t\t\t\t\t<div class=\"elementor-container elementor-column-gap-default\">\n\t\t\t\t\t<div class=\"elementor-column elementor-col-100 elementor-top-column elementor-element elementor-element-8f0eefc\" data-id=\"8f0eefc\" data-element_type=\"column\" data-e-type=\"column\">\n\t\t\t<div class=\"elementor-widget-wrap elementor-element-populated\">\n\t\t\t\t\t\t<div class=\"elementor-element elementor-element-7018055 elementor-widget elementor-widget-image\" data-id=\"7018055\" data-element_type=\"widget\" data-e-type=\"widget\" data-widget_type=\"image.default\">\n\t\t\t\t<div class=\"elementor-widget-container\">\n\t\t\t\t\t\t\t\t\t\t\t\t\t\t\t<img fetchpriority=\"high\" decoding=\"async\" width=\"1024\" height=\"373\" src=\"https:\/\/restaurant-neptun.de\/wp-content\/uploads\/2019\/05\/neptun-map-1024x373.png\" class=\"attachment-large size-large wp-image-20\" alt=\"\" srcset=\"\" sizes=\"(max-width: 1024px) 100vw, 1024px\" data-srcset=\"\" \/>\t\t\t\t\t\t\t\t\t\t\t\t\t\t\t<\/div>\n\t\t\t\t<\/div>\n\t\t\t\t\t<\/div>\n\t\t<\/div>\n\t\t\t\t\t<\/div>\n\t\t<\/section>\n\t\t\t\t<section class=\"elementor-section elementor-top-section elementor-element elementor-element-11e3a50f elementor-section-content-bottom elementor-section-boxed elementor-section-height-default elementor-section-height-default\" data-id=\"11e3a50f\" data-element_type=\"section\" data-e-type=\"section\">\n\t\t\t\t\t\t<div class=\"elementor-container elementor-column-gap-no\">\n\t\t\t\t\t<div class=\"elementor-column elementor-col-100 elementor-top-column elementor-element elementor-element-164b042a\" data-id=\"164b042a\" data-element_type=\"column\" data-e-type=\"column\">\n\t\t\t<div class=\"elementor-widget-wrap elementor-element-populated\">\n\t\t\t\t\t\t<div class=\"elementor-element elementor-element-30df0876 elementor-widget-divider--view-line elementor-widget elementor-widget-divider\" data-id=\"30df0876\" data-element_type=\"widget\" data-e-type=\"widget\" data-widget_type=\"divider.default\">\n\t\t\t\t<div class=\"elementor-widget-container\">\n\t\t\t\t\t\t\t<div class=\"elementor-divider\">\n\t\t\t<span class=\"elementor-divider-separator\">\n\t\t\t\t\t\t<\/span>\n\t\t<\/div>\n\t\t\t\t\t\t<\/div>\n\t\t\t\t<\/div>\n\t\t\t\t\t<\/div>\n\t\t<\/div>\n\t\t\t\t\t<\/div>\n\t\t<\/section>\n\t\t\t\t<section class=\"elementor-section elementor-top-section elementor-element elementor-element-3ca51861 elementor-section-boxed elementor-section-height-default elementor-section-height-default\" data-id=\"3ca51861\" data-element_type=\"section\" data-e-type=\"section\" data-settings=\"{&quot;background_background&quot;:&quot;classic&quot;}\">\n\t\t\t\t\t\t\t<div class=\"elementor-background-overlay\"><\/div>\n\t\t\t\t\t\t\t<div class=\"elementor-container elementor-column-gap-no\">\n\t\t\t\t\t<div class=\"elementor-column elementor-col-100 elementor-top-column elementor-element elementor-element-2b2f73ff\" data-id=\"2b2f73ff\" data-element_type=\"column\" data-e-type=\"column\">\n\t\t\t<div class=\"elementor-widget-wrap elementor-element-populated\">\n\t\t\t\t\t\t<div class=\"elementor-element elementor-element-50e3ff21 elementor-widget-divider--view-line elementor-widget elementor-widget-divider\" data-id=\"50e3ff21\" data-element_type=\"widget\" data-e-type=\"widget\" data-widget_type=\"divider.default\">\n\t\t\t\t<div class=\"elementor-widget-container\">\n\t\t\t\t\t\t\t<div class=\"elementor-divider\">\n\t\t\t<span class=\"elementor-divider-separator\">\n\t\t\t\t\t\t<\/span>\n\t\t<\/div>\n\t\t\t\t\t\t<\/div>\n\t\t\t\t<\/div>\n\t\t\t\t<div class=\"elementor-element elementor-element-699868f4 elementor-widget elementor-widget-spacer\" data-id=\"699868f4\" data-element_type=\"widget\" data-e-type=\"widget\" data-widget_type=\"spacer.default\">\n\t\t\t\t<div class=\"elementor-widget-container\">\n\t\t\t\t\t\t\t<div class=\"elementor-spacer\">\n\t\t\t<div class=\"elementor-spacer-inner\"><\/div>\n\t\t<\/div>\n\t\t\t\t\t\t<\/div>\n\t\t\t\t<\/div>\n\t\t\t\t<div class=\"elementor-element elementor-element-2438eaaf elementor-widget-divider--view-line elementor-widget elementor-widget-divider\" data-id=\"2438eaaf\" data-element_type=\"widget\" data-e-type=\"widget\" data-widget_type=\"divider.default\">\n\t\t\t\t<div class=\"elementor-widget-container\">\n\t\t\t\t\t\t\t<div class=\"elementor-divider\">\n\t\t\t<span class=\"elementor-divider-separator\">\n\t\t\t\t\t\t<\/span>\n\t\t<\/div>\n\t\t\t\t\t\t<\/div>\n\t\t\t\t<\/div>\n\t\t\t\t\t<\/div>\n\t\t<\/div>\n\t\t\t\t\t<\/div>\n\t\t<\/section>\n\t\t\t\t<\/div>","protected":false},"excerpt":{"rendered":"<p>Reservations &#038; Bookings To make a reservation either call us on 089 936518 or feel free to send us your online reservation here. You can make a reservation for lunch or dinner from 11:30 am to 10:30 pm, Monday through Sunday. Please note: We ask our customers who have made reservations to make sure they [&hellip;]<\/p>\n","protected":false},"author":1,"featured_media":0,"parent":0,"menu_order":0,"comment_status":"closed","ping_status":"closed","template":"","meta":{"_eb_attr":"","site-sidebar-layout":"no-sidebar","site-content-layout":"page-builder","ast-site-content-layout":"default","site-content-style":"default","site-sidebar-style":"default","ast-global-header-display":"","ast-banner-title-visibility":"","ast-main-header-display":"","ast-hfb-above-header-display":"","ast-hfb-below-header-display":"","ast-hfb-mobile-header-display":"","site-post-title":"disabled","ast-breadcrumbs-content":"","ast-featured-img":"disabled","footer-sml-layout":"","ast-disable-related-posts":"","theme-transparent-header-meta":"","adv-header-id-meta":"","stick-header-meta":"","header-above-stick-meta":"","header-main-stick-meta":"","header-below-stick-meta":"","astra-migrate-meta-layouts":"default","ast-page-background-enabled":"default","ast-page-background-meta":{"desktop":{"background-color":"","background-image":"","background-repeat":"repeat","background-position":"center center","background-size":"auto","background-attachment":"scroll","background-type":"","background-media":"","overlay-type":"","overlay-color":"","overlay-opacity":"","overlay-gradient":""},"tablet":{"background-color":"","background-image":"","background-repeat":"repeat","background-position":"center center","background-size":"auto","background-attachment":"scroll","background-type":"","background-media":"","overlay-type":"","overlay-color":"","overlay-opacity":"","overlay-gradient":""},"mobile":{"background-color":"","background-image":"","background-repeat":"repeat","background-position":"center center","background-size":"auto","background-attachment":"scroll","background-type":"","background-media":"","overlay-type":"","overlay-color":"","overlay-opacity":"","overlay-gradient":""}},"ast-content-background-meta":{"desktop":{"background-color":"var(--ast-global-color-5)","background-image":"","background-repeat":"repeat","background-position":"center center","background-size":"auto","background-attachment":"scroll","background-type":"","background-media":"","overlay-type":"","overlay-color":"","overlay-opacity":"","overlay-gradient":""},"tablet":{"background-color":"var(--ast-global-color-5)","background-image":"","background-repeat":"repeat","background-position":"center center","background-size":"auto","background-attachment":"scroll","background-type":"","background-media":"","overlay-type":"","overlay-color":"","overlay-opacity":"","overlay-gradient":""},"mobile":{"background-color":"var(--ast-global-color-5)","background-image":"","background-repeat":"repeat","background-position":"center center","background-size":"auto","background-attachment":"scroll","background-type":"","background-media":"","overlay-type":"","overlay-color":"","overlay-opacity":"","overlay-gradient":""}},"footnotes":""},"class_list":["post-5270","page","type-page","status-publish","hentry"],"_links":{"self":[{"href":"https:\/\/restaurant-neptun.de\/de\/wp-json\/wp\/v2\/pages\/5270","targetHints":{"allow":["GET"]}}],"collection":[{"href":"https:\/\/restaurant-neptun.de\/de\/wp-json\/wp\/v2\/pages"}],"about":[{"href":"https:\/\/restaurant-neptun.de\/de\/wp-json\/wp\/v2\/types\/page"}],"author":[{"embeddable":true,"href":"https:\/\/restaurant-neptun.de\/de\/wp-json\/wp\/v2\/users\/1"}],"replies":[{"embeddable":true,"href":"https:\/\/restaurant-neptun.de\/de\/wp-json\/wp\/v2\/comments?post=5270"}],"version-history":[{"count":5,"href":"https:\/\/restaurant-neptun.de\/de\/wp-json\/wp\/v2\/pages\/5270\/revisions"}],"predecessor-version":[{"id":5277,"href":"https:\/\/restaurant-neptun.de\/de\/wp-json\/wp\/v2\/pages\/5270\/revisions\/5277"}],"wp:attachment":[{"href":"https:\/\/restaurant-neptun.de\/de\/wp-json\/wp\/v2\/media?parent=5270"}],"curies":[{"name":"wp","href":"https:\/\/api.w.org\/{rel}","templated":true}]}}